{"id":417,"date":"2022-11-16T09:32:46","date_gmt":"2022-11-16T09:32:46","guid":{"rendered":"http:\/\/mikalsen.no\/?page_id=417"},"modified":"2022-11-16T12:37:55","modified_gmt":"2022-11-16T12:37:55","slug":"bestill-time","status":"publish","type":"page","link":"https:\/\/mikalsen.no\/?page_id=417","title":{"rendered":"BESTILL GRATIS TIME"},"content":{"rendered":"\n<p>Uformelt avklaringsm\u00f8te der vi sammen finner ut om vi skal bist\u00e5 i prosjektet samt om det er \u00f8konomisk realiserbart og innenfor rammene i gjeldende regelverk.<\/p>\n\n\n\n<div class=\"wp-block-columns alignwide is-layout-flex wp-container-core-columns-is-layout-9d6595d7 wp-block-columns-is-layout-flex\">\n<div class=\"wp-block-column is-layout-flow wp-block-column-is-layout-flow\">\n<div class=\"wp-block-booking-booking\"> <div id=\"form_id1648983196800\" class=\"wpdevelop\"><form  id=\"booking_form1\"   class=\"booking_form vertical\" method=\"post\" action=\"\"><div id=\"ajax_respond_insert1\" class=\"ajax_respond_insert\" style=\"display:none;\"><\/div><a name=\"bklnk1\" id=\"bklnk1\"><\/a><div id=\"booking_form_div1\" class=\"booking_form_div\"><div class=\"wpbc_booking_form_structure wpbc_vertical\">\n  <div class=\"wpbc_structure_calendar\">\n    <div class=\"wpbc_change_over_triangle\"><div class=\"bk_calendar_frame months_num_in_row_ cal_month_num_3 wpbc_timeslot_day_bg_as_available\" style=\"width:100%;max-width:852px;\"><div id=\"calendar_booking1\">Laster kalender...<\/div><\/div><div style=\"font-size:9px;text-align:left;margin-top:3px;\">Powered by <a style=\"font-size:9px;\" href=\"https:\/\/wpbookingcalendar.com\" target=\"_blank\" title=\"Booking Calendar plugin for WordPress\">Booking Calendar<\/a><\/div><textarea id=\"date_booking1\" name=\"date_booking1\" autocomplete=\"off\" style=\"display:none;\"><\/textarea><\/div>\n  <\/div>\n  <div class=\"wpbc_structure_form\">\n  <div class=\"form-group\">  <label for=\"name1\" class=\"control-label\">Navn*:<\/label>   <div class=\"controls\">   <input type=\"text\" name=\"name1\" id=\"name1\" class=\"input-xlarge wpdev-validates-as-required\" \/><\/div><\/div>  <div class=\"form-group\">  <label for=\"email1\" class=\"control-label\">E-post adresse*:<\/label>   <div class=\"controls\">   <input type=\"text\" name=\"email1\" id=\"email1\" class=\"input-xlarge wpdev-validates-as-email wpdev-validates-as-required wpdev-validates-as-required\" \/><\/div><\/div>  <div class=\"form-group\">  <label for=\"phone1\" class=\"control-label\">Telefonnummer*:<\/label>   <div class=\"controls\">   <input type=\"text\" name=\"phone1\" id=\"phone1\" class=\"input-xlarge wpdev-validates-as-required\" \/><\/div><\/div>  <div class=\"form-group\">  <label for=\"details1\" class=\"control-label\">Detaljer \/ beskrivelse \/ agenda:<\/label>   <div class=\"controls\">   <textarea  rows=\"3\" name=\"details1\" id=\"details1\" class=\"input-xlarge\" ><\/textarea><\/div><\/div><div class=\"form-group\"><\/div>\n<div class=\"form-group\"><button class=\"btn btn-default\" type=\"button\" onclick=\"mybooking_submit(this.form,1,'nb_NO');\" >Send<\/button><\/div>\n  <\/div>\n<\/div>\n<div class=\"wpbc_booking_form_footer\"><\/div><input id=\"bk_type1\" name=\"bk_type1\" class=\"\" type=\"hidden\" value=\"1\" \/><\/div><div id=\"submiting1\"><\/div><div class=\"form_bk_messages\" id=\"form_bk_messages1\" ><\/div><input type=\"hidden\" id=\"wpbc_nonce1\" name=\"wpbc_nonce1\" value=\"8d741aae59\" \/><input type=\"hidden\" name=\"_wp_http_referer\" value=\"\/index.php?rest_route=%2Fwp%2Fv2%2Fpages%2F417\" \/><input type=\"hidden\" id=\"wpbc_nonceCALCULATE_THE_COST1\" name=\"wpbc_nonceCALCULATE_THE_COST1\" value=\"9cbbfef306\" \/><input type=\"hidden\" name=\"_wp_http_referer\" value=\"\/index.php?rest_route=%2Fwp%2Fv2%2Fpages%2F417\" \/><\/form><\/div><div id=\"booking_form_garbage1\" class=\"booking_form_garbage\"><\/div><script type=\"text\/javascript\">\n                                jQuery(document).ready( function(){\n                                    jQuery(\".widget_wpdev_booking .booking_form.form-horizontal\").removeClass(\"form-horizontal\");\n                                    var visible_booking_id_on_page_num = visible_booking_id_on_page.length;\n                                    if (visible_booking_id_on_page_num !== null ) {\n                                        for (var i=0;i< visible_booking_id_on_page_num ;i++){\n                                          if ( visible_booking_id_on_page[i]==\"booking_form_div1\" ) {\n                                              document.getElementById(\"form_id1648983196800\").innerHTML = \"<span style='color:#A00;font-size:10px;'>Advarsel! Bestillingskalenderen for dette reservasjonsobjektet er allerede p\u00e5 siden. Les mer om dette p\u00e5 denne siden: https:\/\/wpbookingcalendar.com\/faq\/why-the-booking-calendar-widget-not-show-on-page\/<\/span>\";                                                                                                  \n                                              jQuery(\"#form_id1648983196800\").animate( {opacity: 1}, 10000 ).fadeOut(5000);\n                                              return;\n                                          }\n                                        }\n                                        visible_booking_id_on_page[ visible_booking_id_on_page_num ]=\"booking_form_div1\";\n                                    }\n                                });\n                            <\/script> <script type='text\/javascript'>  jQuery(document).ready( function(){  date_admin_blank[1] = [];  date2approve[1] = [];  var date_approved_par = [];  init_datepick_cal('1', date_approved_par, 3 , 1, false   );  }); <\/script><\/div>\n<\/div>\n<\/div>\n","protected":false},"excerpt":{"rendered":"<p>Uformelt avklaringsm\u00f8te der vi sammen finner ut om vi skal bist\u00e5 i prosjektet samt om det er \u00f8konomisk realiserbart og innenfor rammene i gjeldende regelverk.<\/p>\n","protected":false},"author":1,"featured_media":0,"parent":0,"menu_order":0,"comment_status":"closed","ping_status":"closed","template":"","meta":{"footnotes":""},"class_list":["post-417","page","type-page","status-publish","hentry"],"_links":{"self":[{"href":"https:\/\/mikalsen.no\/index.php?rest_route=\/wp\/v2\/pages\/417","targetHints":{"allow":["GET"]}}],"collection":[{"href":"https:\/\/mikalsen.no\/index.php?rest_route=\/wp\/v2\/pages"}],"about":[{"href":"https:\/\/mikalsen.no\/index.php?rest_route=\/wp\/v2\/types\/page"}],"author":[{"embeddable":true,"href":"https:\/\/mikalsen.no\/index.php?rest_route=\/wp\/v2\/users\/1"}],"replies":[{"embeddable":true,"href":"https:\/\/mikalsen.no\/index.php?rest_route=%2Fwp%2Fv2%2Fcomments&post=417"}],"version-history":[{"count":8,"href":"https:\/\/mikalsen.no\/index.php?rest_route=\/wp\/v2\/pages\/417\/revisions"}],"predecessor-version":[{"id":426,"href":"https:\/\/mikalsen.no\/index.php?rest_route=\/wp\/v2\/pages\/417\/revisions\/426"}],"wp:attachment":[{"href":"https:\/\/mikalsen.no\/index.php?rest_route=%2Fwp%2Fv2%2Fmedia&parent=417"}],"curies":[{"name":"wp","href":"https:\/\/api.w.org\/{rel}","templated":true}]}}