{"id":303,"date":"2022-01-07T11:49:00","date_gmt":"2022-01-07T11:49:00","guid":{"rendered":"http:\/\/mikalsen.no\/?page_id=303"},"modified":"2022-01-12T15:37:50","modified_gmt":"2022-01-12T15:37:50","slug":"referanser","status":"publish","type":"page","link":"https:\/\/mikalsen.no\/?page_id=303","title":{"rendered":"REFERANSER"},"content":{"rendered":"\n<div class=\"wp-block-image\"><figure class=\"alignleft size-full is-resized\"><img loading=\"lazy\" decoding=\"async\" src=\"http:\/\/mikalsen.no\/wp-content\/uploads\/2022\/01\/Rolf_mini_referanse.png\" alt=\"\" class=\"wp-image-325\" width=\"122\" height=\"122\" srcset=\"https:\/\/mikalsen.no\/wp-content\/uploads\/2022\/01\/Rolf_mini_referanse.png 200w, https:\/\/mikalsen.no\/wp-content\/uploads\/2022\/01\/Rolf_mini_referanse-150x150.png 150w, https:\/\/mikalsen.no\/wp-content\/uploads\/2022\/01\/Rolf_mini_referanse-100x100.png 100w\" sizes=\"auto, (max-width: 122px) 100vw, 122px\" \/><figcaption> <strong>ROLF STR\u00d8MMEN<\/strong><br>Markedssjef i Proresult <\/figcaption><\/figure><\/div>\n\n\n\n<p>&laquo;Paul er som person god p\u00e5 kommunikasjon og det \u00e5 skape gode relasjonar b\u00e5de internt og eksternt.<br>Han viste rask at han var ein ressurs for v\u00e5rt firma. Ogs\u00e5 dette med profileringsmateriell er klart noko han b\u00e5de har anlegg for og stor interesse og kompetanse p\u00e5. Han har her ekstraordin\u00e6r kompetanse som ofte mange firma m\u00e5 s\u00f8ke ekstern hjelp til.<br>Han er ogs\u00e5 ein god lagspelar og med si positive innstilling og gode hum\u00f8r er han ein allsidig, flink og sv\u00e6rt god kollega.<br>Eg er heilt trygg p\u00e5 at han vil v\u00e6re ein god medarbeidar og sterk bidragsytar for framtidige arbeidsgjevarar.<\/p>\n\n\n\n<p> Eg kan trygt anbefale Paul og gjev han mine aller beste anbefalingar.&raquo;<\/p>\n\n\n\n<p>~~~~~<\/p>\n\n\n\n<div class=\"wp-block-image wp-duotone-000000-ffffff-1\"><figure class=\"alignright size-full is-resized\"><img loading=\"lazy\" decoding=\"async\" src=\"http:\/\/mikalsen.no\/wp-content\/uploads\/2022\/01\/Markus_Mulen_snorreplatformA.png\" alt=\"\" class=\"wp-image-345\" width=\"130\" height=\"130\" srcset=\"https:\/\/mikalsen.no\/wp-content\/uploads\/2022\/01\/Markus_Mulen_snorreplatformA.png 448w, https:\/\/mikalsen.no\/wp-content\/uploads\/2022\/01\/Markus_Mulen_snorreplatformA-300x300.png 300w, https:\/\/mikalsen.no\/wp-content\/uploads\/2022\/01\/Markus_Mulen_snorreplatformA-150x150.png 150w, https:\/\/mikalsen.no\/wp-content\/uploads\/2022\/01\/Markus_Mulen_snorreplatformA-100x100.png 100w\" sizes=\"auto, (max-width: 130px) 100vw, 130px\" \/><figcaption><strong>MARKUS ANDAL MULEN<\/strong><br>Byggherre Ulltang tomannsbustad<\/figcaption><\/figure><\/div>\n\n\n\n<p>&laquo;N\u00e5r eg skulle f\u00e5 teikna ein tomannsbustad s\u00e5 tok eg kontakt med Paul fordi eg hadde f\u00e5tt h\u00f8yre at han var kreativ, leiken og ikke ein typisk tradisjonell husteiknar.<br>Eg hadde ein plan p\u00e5 korleis eg ville ha det men eg \u00f8nskte ogs\u00e5 gode innspel til design, og litt andre roml\u00f8ysingar enn f\u00f8rst planlagt. Han viser en stor interesse for \u00e5 f\u00e5 utforma eit hus der ein kan f\u00e5 effektive planl\u00f8ysingar og der romma er tilpassa m\u00f8blementet.&raquo;<\/p>\n","protected":false},"excerpt":{"rendered":"<p>&laquo;Paul er som person god p\u00e5 kommunikasjon og det \u00e5 skape gode relasjonar b\u00e5de internt og eksternt.Han viste rask at han var ein ressurs for v\u00e5rt firma. Ogs\u00e5 dette med profileringsmateriell er klart noko han b\u00e5de har anlegg for og stor interesse og kompetanse p\u00e5. Han har her ekstraordin\u00e6r kompetanse som ofte mange firma m\u00e5 &hellip; <\/p>\n<p class=\"link-more\"><a href=\"https:\/\/mikalsen.no\/?page_id=303\" class=\"more-link\">Fortsett \u00e5 lese<span class=\"screen-reader-text\"> \u00abREFERANSER\u00bb<\/span><\/a><\/p>\n","protected":false},"author":1,"featured_media":0,"parent":0,"menu_order":0,"comment_status":"closed","ping_status":"closed","template":"","meta":{"footnotes":""},"class_list":["post-303","page","type-page","status-publish","hentry"],"_links":{"self":[{"href":"https:\/\/mikalsen.no\/index.php?rest_route=\/wp\/v2\/pages\/303","targetHints":{"allow":["GET"]}}],"collection":[{"href":"https:\/\/mikalsen.no\/index.php?rest_route=\/wp\/v2\/pages"}],"about":[{"href":"https:\/\/mikalsen.no\/index.php?rest_route=\/wp\/v2\/types\/page"}],"author":[{"embeddable":true,"href":"https:\/\/mikalsen.no\/index.php?rest_route=\/wp\/v2\/users\/1"}],"replies":[{"embeddable":true,"href":"https:\/\/mikalsen.no\/index.php?rest_route=%2Fwp%2Fv2%2Fcomments&post=303"}],"version-history":[{"count":11,"href":"https:\/\/mikalsen.no\/index.php?rest_route=\/wp\/v2\/pages\/303\/revisions"}],"predecessor-version":[{"id":348,"href":"https:\/\/mikalsen.no\/index.php?rest_route=\/wp\/v2\/pages\/303\/revisions\/348"}],"wp:attachment":[{"href":"https:\/\/mikalsen.no\/index.php?rest_route=%2Fwp%2Fv2%2Fmedia&parent=303"}],"curies":[{"name":"wp","href":"https:\/\/api.w.org\/{rel}","templated":true}]}}